{"id":28,"date":"2022-11-14T04:41:47","date_gmt":"2022-11-14T04:41:47","guid":{"rendered":"https:\/\/robertohenriquez.com\/desa\/?page_id=28"},"modified":"2024-01-11T14:18:40","modified_gmt":"2024-01-11T14:18:40","slug":"cordillera-nahuelbuta","status":"publish","type":"page","link":"https:\/\/robertohenriquez.com\/en\/cordillera-nahuelbuta\/","title":{"rendered":"Nahuelbuta Mountain Range"},"content":{"rendered":"<!-- Flexy Breadcrumb -->\r\n\t\t\t<div class=\"fbc fbc-page\">\r\n\r\n\t\t\t\t<!-- Breadcrumb wrapper -->\r\n\t\t\t\t<div class=\"fbc-wrap\">\r\n\r\n\t\t\t\t\t<!-- Ordered list-->\r\n\t\t\t\t\t<ol class=\"fbc-items\" itemscope itemtype=\"https:\/\/schema.org\/BreadcrumbList\">\r\n\t\t\t\t\t\t            <li itemprop=\"itemListElement\" itemscope itemtype=\"https:\/\/schema.org\/ListItem\">\r\n                <span itemprop=\"name\">\r\n                    <!-- Home Link -->\r\n                    <a itemprop=\"item\" href=\"https:\/\/robertohenriquez.frontec.cl\">\r\n                    \r\n                                                    <i class=\"fa fa-home\" aria-hidden=\"true\"><\/i>Home                    <\/a>\r\n                <\/span>\r\n                <meta itemprop=\"position\" content=\"1\" \/><!-- Meta Position-->\r\n             <\/li><li><span class=\"fbc-separator\">\/<\/span><\/li><li class=\"active\" itemprop=\"itemListElement\" itemscope itemtype=\"https:\/\/schema.org\/ListItem\"><span itemprop=\"name\" title=\"Nahuelbuta Mountain Range\">Nahuelbuta Mountain Range<\/span><meta itemprop=\"position\" content=\"2\" \/><\/li>\t\t\t\t\t<\/ol>\r\n\t\t\t\t\t<div class=\"clearfix\"><\/div>\r\n\t\t\t\t<\/div>\r\n\t\t\t<\/div>\r\n\t\t\t\n\n\n\n\n\n\n<p><\/p>\n\n\n\n<div style=\"height:70px\" aria-hidden=\"true\" class=\"wp-block-spacer\"><\/div>\n\n\n\n<div class=\"col-12 col-sm-6 col-md-12 nahuelbuta-robertoh\">\n      <h2>Nahuelbuta Mountain Range<\/h2>\n<\/div>\n\n\n\n<div style=\"height:40px\" aria-hidden=\"true\" class=\"wp-block-spacer\"><\/div>\n\n\n\n<section class=\"nahuelbuta-robertoh\">\n        <div class=\"container-fluid container-centrado\">\n            <div class=\"container\">\n                <div class=\"row columnas-center\">\n                    <div class=\"col-12 col-sm-6 col-md-11\">\n                        <p class=\"tex-centrado-nahuelbuta espacio-inicial\">\n                         Mountain Range. This is a geological formation older than the Andes Mountains and\nhome to more than fifty percent of Chile&#039;s plant species, in a stretch that runs from\nthe Biob\u00edo River to the Imperial River in the Araucan\u00eda Region in the south of the\ncountry. \n<\/p>\n<br>\n   <p class=\"tex-centrado-nahuelbuta\">\nThis great mountain range is considered an &quot;island habitat&quot; and a world treasure of\nbiodiversity. The &quot;Wallmapu&quot; is the sacred territory for our Mapuche people, a symbol\nof historical resistance and a current and latent threat to their natural space.                     \n<\/p>\n<br>\n   <p class=\"tex-centrado-nahuelbuta translation-block\">It is estimated that the loss of native and endemic vegetation exceeds seventy\npercent due to the unbalanced and harmful exploitation of the forestry industry.\nNahuelbuta,<b> Naw\u00fcelfuta<\/b> in Mapuche language, means Puma Grande, habitat of the\nChilean cougar, which still lives in this unique and temperate rainforest of South\nAmerica.<\/p>\n                     <\/div>\n               <\/div>\n            <\/div>\n        <\/div>\n    <\/section>\n\n\n\n<div style=\"height:100px\" aria-hidden=\"true\" class=\"wp-block-spacer\"><\/div>","protected":false},"excerpt":{"rendered":"<p>Cordillera Nahuelbuta Nuestros vinos, que nacen en distintas zonas geogr\u00e1ficas de la Regi\u00f3n del Biob\u00edo, est\u00e1n fuertemente influenciados y cobijados por la imponente presencia de la Cordillera de Nahuelbuta. Esta es una formaci\u00f3n geol\u00f3gica m\u00e1s antigua que la cordillera de Los Andes y en la que habitan m\u00e1s del cincuenta por ciento de las especies&hellip;&nbsp;<\/p>","protected":false},"author":1,"featured_media":266,"parent":0,"menu_order":0,"comment_status":"closed","ping_status":"closed","template":"","meta":{"inline_featured_image":false,"neve_meta_sidebar":"","neve_meta_container":"","neve_meta_enable_content_width":"off","neve_meta_content_width":100,"neve_meta_title_alignment":"","neve_meta_author_avatar":"","neve_post_elements_order":"","neve_meta_disable_header":"","neve_meta_disable_footer":"","neve_meta_disable_title":"","_themeisle_gutenberg_block_has_review":false,"footnotes":"","_joinchat":[]},"_links":{"self":[{"href":"https:\/\/robertohenriquez.com\/en\/wp-json\/wp\/v2\/pages\/28"}],"collection":[{"href":"https:\/\/robertohenriquez.com\/en\/wp-json\/wp\/v2\/pages"}],"about":[{"href":"https:\/\/robertohenriquez.com\/en\/wp-json\/wp\/v2\/types\/page"}],"author":[{"embeddable":true,"href":"https:\/\/robertohenriquez.com\/en\/wp-json\/wp\/v2\/users\/1"}],"replies":[{"embeddable":true,"href":"https:\/\/robertohenriquez.com\/en\/wp-json\/wp\/v2\/comments?post=28"}],"version-history":[{"count":36,"href":"https:\/\/robertohenriquez.com\/en\/wp-json\/wp\/v2\/pages\/28\/revisions"}],"predecessor-version":[{"id":3223,"href":"https:\/\/robertohenriquez.com\/en\/wp-json\/wp\/v2\/pages\/28\/revisions\/3223"}],"wp:featuredmedia":[{"embeddable":true,"href":"https:\/\/robertohenriquez.com\/en\/wp-json\/wp\/v2\/media\/266"}],"wp:attachment":[{"href":"https:\/\/robertohenriquez.com\/en\/wp-json\/wp\/v2\/media?parent=28"}],"curies":[{"name":"wp","href":"https:\/\/api.w.org\/{rel}","templated":true}]}}