{"id":1645,"date":"2023-04-17T12:42:26","date_gmt":"2023-04-17T12:42:26","guid":{"rendered":"https:\/\/robertohenriquez.com\/desa\/?page_id=1645"},"modified":"2023-12-14T15:35:48","modified_gmt":"2023-12-14T15:35:48","slug":"prensa","status":"publish","type":"page","link":"https:\/\/robertohenriquez.com\/en\/prensa\/","title":{"rendered":"News"},"content":{"rendered":"<div id=\"wp-block-themeisle-blocks-advanced-columns-da89cf87\" class=\"wp-block-themeisle-blocks-advanced-columns has-1-columns has-desktop-equal-layout has-tablet-equal-layout has-mobile-equal-layout has-vertical-unset\"><div class=\"wp-block-themeisle-blocks-advanced-columns-overlay\"><\/div><div class=\"innerblocks-wrap\">\n\n<div id=\"wp-block-themeisle-blocks-advanced-column-3503d5bf\" class=\"wp-block-themeisle-blocks-advanced-column\">\n\t\t\t<!-- Flexy Breadcrumb -->\r\n\t\t\t<div class=\"fbc fbc-page\">\r\n\r\n\t\t\t\t<!-- Breadcrumb wrapper -->\r\n\t\t\t\t<div class=\"fbc-wrap\">\r\n\r\n\t\t\t\t\t<!-- Ordered list-->\r\n\t\t\t\t\t<ol class=\"fbc-items\" itemscope itemtype=\"https:\/\/schema.org\/BreadcrumbList\">\r\n\t\t\t\t\t\t            <li itemprop=\"itemListElement\" itemscope itemtype=\"https:\/\/schema.org\/ListItem\">\r\n                <span itemprop=\"name\">\r\n                    <!-- Home Link -->\r\n                    <a itemprop=\"item\" href=\"https:\/\/robertohenriquez.frontec.cl\">\r\n                    \r\n                                                    <i class=\"fa fa-home\" aria-hidden=\"true\"><\/i>Home                    <\/a>\r\n                <\/span>\r\n                <meta itemprop=\"position\" content=\"1\" \/><!-- Meta Position-->\r\n             <\/li><li><span class=\"fbc-separator\">\/<\/span><\/li><li class=\"active\" itemprop=\"itemListElement\" itemscope itemtype=\"https:\/\/schema.org\/ListItem\"><span itemprop=\"name\" title=\"News\">News<\/span><meta itemprop=\"position\" content=\"2\" \/><\/li>\t\t\t\t\t<\/ol>\r\n\t\t\t\t\t<div class=\"clearfix\"><\/div>\r\n\t\t\t\t<\/div>\r\n\t\t\t<\/div>\r\n\t\t\t\n\n<\/div>\n\n<\/div><\/div>\n\n\n\n\n\n\n<div style=\"height:70px\" aria-hidden=\"true\" class=\"wp-block-spacer\"><\/div>\n\n\n\n<div class=\"col-12 col-sm-6 col-md-12 noticias-robertoh\">\n      <h2>News<\/h2>\n<\/div>\n\n\n\n<div style=\"height:50px\" aria-hidden=\"true\" class=\"wp-block-spacer\"><\/div>\n\n\n\n<div class=\"wp-block-columns is-layout-flex wp-container-core-columns-layout-1 wp-block-columns-is-layout-flex\">\n<div class=\"wp-block-column is-layout-flow wp-block-column-is-layout-flow\"><div class=\"pt-cv-wrapper\"><div class=\"pt-cv-view pt-cv-grid pt-cv-colsys\" id=\"pt-cv-view-f7050e1s8d\"><div data-id=\"pt-cv-page-1\" class=\"pt-cv-page\" data-cvc=\"3\"><div class=\"col-md-4 col-sm-6 col-xs-12 pt-cv-content-item pt-cv-1-col\" ><div class='pt-cv-ifield'><a href=\"https:\/\/robertohenriquez.com\/en\/blog\/2023\/09\/29\/south-america-wine-guide\/\" class=\"_self pt-cv-href-thumbnail pt-cv-thumb-default\" target=\"_self\" ><img loading=\"lazy\" decoding=\"async\" width=\"1111\" height=\"732\" src=\"https:\/\/robertohenriquez.com\/wp-content\/uploads\/2023\/09\/noticia-4-1.jpg\" class=\"pt-cv-thumbnail\" alt=\"\" srcset=\"https:\/\/robertohenriquez.com\/wp-content\/uploads\/2023\/09\/noticia-4-1.jpg 1111w, https:\/\/robertohenriquez.com\/wp-content\/uploads\/2023\/09\/noticia-4-1-300x198.jpg 300w, https:\/\/robertohenriquez.com\/wp-content\/uploads\/2023\/09\/noticia-4-1-1024x675.jpg 1024w, https:\/\/robertohenriquez.com\/wp-content\/uploads\/2023\/09\/noticia-4-1-768x506.jpg 768w, https:\/\/robertohenriquez.com\/wp-content\/uploads\/2023\/09\/noticia-4-1-450x296.jpg 450w, https:\/\/robertohenriquez.com\/wp-content\/uploads\/2023\/09\/noticia-4-1-750x494.jpg 750w\" sizes=\"(max-width: 1111px) 100vw, 1111px\" \/><\/a>\n<h4 class=\"pt-cv-title\"><a href=\"https:\/\/robertohenriquez.com\/en\/blog\/2023\/09\/29\/south-america-wine-guide\/\" class=\"_self\" target=\"_self\" >South America Wine guide<\/a><\/h4>\n<div class=\"pt-cv-content\">Roberto Henr\u00edquez is one of the most exciting natural wine makers in South America and spent a few years doing ...<br \/><div class=\"pt-cv-rmwrap\"><a href=\"https:\/\/robertohenriquez.com\/en\/blog\/2023\/09\/29\/south-america-wine-guide\/\" class=\"_self pt-cv-readmore btn btn-success\" target=\"_self\">Leer M\u00e1s<\/a><\/div><\/div><\/div><\/div>\n<div class=\"col-md-4 col-sm-6 col-xs-12 pt-cv-content-item pt-cv-1-col\" ><div class='pt-cv-ifield'><a href=\"https:\/\/robertohenriquez.com\/en\/blog\/2023\/09\/29\/winesutb\/\" class=\"_self pt-cv-href-thumbnail pt-cv-thumb-default\" target=\"_self\" ><img loading=\"lazy\" decoding=\"async\" width=\"2221\" height=\"1464\" src=\"https:\/\/robertohenriquez.com\/wp-content\/uploads\/2023\/09\/noticia-3.jpg\" class=\"pt-cv-thumbnail\" alt=\"\" srcset=\"https:\/\/robertohenriquez.com\/wp-content\/uploads\/2023\/09\/noticia-3.jpg 2221w, https:\/\/robertohenriquez.com\/wp-content\/uploads\/2023\/09\/noticia-3-300x198.jpg 300w, https:\/\/robertohenriquez.com\/wp-content\/uploads\/2023\/09\/noticia-3-1024x675.jpg 1024w, https:\/\/robertohenriquez.com\/wp-content\/uploads\/2023\/09\/noticia-3-768x506.jpg 768w, https:\/\/robertohenriquez.com\/wp-content\/uploads\/2023\/09\/noticia-3-1536x1012.jpg 1536w, https:\/\/robertohenriquez.com\/wp-content\/uploads\/2023\/09\/noticia-3-2048x1350.jpg 2048w, https:\/\/robertohenriquez.com\/wp-content\/uploads\/2023\/09\/noticia-3-450x297.jpg 450w, https:\/\/robertohenriquez.com\/wp-content\/uploads\/2023\/09\/noticia-3-750x494.jpg 750w\" sizes=\"(max-width: 2221px) 100vw, 2221px\" \/><\/a>\n<h4 class=\"pt-cv-title\"><a href=\"https:\/\/robertohenriquez.com\/en\/blog\/2023\/09\/29\/winesutb\/\" class=\"_self\" target=\"_self\" >Winesutb<\/a><\/h4>\n<div class=\"pt-cv-content\">A native of Concepci\u00f3n, Roberto \u2013 largely inspired by his uncle &#8211; has always dreamed of making wine. He studied ...<br \/><div class=\"pt-cv-rmwrap\"><a href=\"https:\/\/robertohenriquez.com\/en\/blog\/2023\/09\/29\/winesutb\/\" class=\"_self pt-cv-readmore btn btn-success\" target=\"_self\">Leer M\u00e1s<\/a><\/div><\/div><\/div><\/div>\n<div class=\"col-md-4 col-sm-6 col-xs-12 pt-cv-content-item pt-cv-1-col\" ><div class='pt-cv-ifield'><a href=\"https:\/\/robertohenriquez.com\/en\/blog\/2023\/09\/28\/nueva\/\" class=\"_self pt-cv-href-thumbnail pt-cv-thumb-default\" target=\"_self\" ><img loading=\"lazy\" decoding=\"async\" width=\"1111\" height=\"732\" src=\"https:\/\/robertohenriquez.com\/wp-content\/uploads\/2023\/09\/noticia-2-1.jpg\" class=\"pt-cv-thumbnail\" alt=\"\" srcset=\"https:\/\/robertohenriquez.com\/wp-content\/uploads\/2023\/09\/noticia-2-1.jpg 1111w, https:\/\/robertohenriquez.com\/wp-content\/uploads\/2023\/09\/noticia-2-1-300x198.jpg 300w, https:\/\/robertohenriquez.com\/wp-content\/uploads\/2023\/09\/noticia-2-1-1024x675.jpg 1024w, https:\/\/robertohenriquez.com\/wp-content\/uploads\/2023\/09\/noticia-2-1-768x506.jpg 768w, https:\/\/robertohenriquez.com\/wp-content\/uploads\/2023\/09\/noticia-2-1-450x296.jpg 450w, https:\/\/robertohenriquez.com\/wp-content\/uploads\/2023\/09\/noticia-2-1-750x494.jpg 750w\" sizes=\"(max-width: 1111px) 100vw, 1111px\" \/><\/a>\n<h4 class=\"pt-cv-title\"><a href=\"https:\/\/robertohenriquez.com\/en\/blog\/2023\/09\/28\/nueva\/\" class=\"_self\" target=\"_self\" >Epicurieux<\/a><\/h4>\n<div class=\"pt-cv-content\">D\u00e9couvrez les vins naturels de Roberto Henriquez et le travail qu'il r\u00e9alise sur des vignes \u00e2g\u00e9es de plus de 200 ...<br \/><div class=\"pt-cv-rmwrap\"><a href=\"https:\/\/robertohenriquez.com\/en\/blog\/2023\/09\/28\/nueva\/\" class=\"_self pt-cv-readmore btn btn-success\" target=\"_self\">Leer M\u00e1s<\/a><\/div><\/div><\/div><\/div>\n<div class=\"col-md-4 col-sm-6 col-xs-12 pt-cv-content-item pt-cv-1-col\" ><div class='pt-cv-ifield'><a href=\"https:\/\/robertohenriquez.com\/en\/blog\/2023\/09\/28\/a-wine-that-carries-resilience-at-its-roots\/\" class=\"_self pt-cv-href-thumbnail pt-cv-thumb-default\" target=\"_self\" ><img loading=\"lazy\" decoding=\"async\" width=\"1111\" height=\"732\" src=\"https:\/\/robertohenriquez.com\/wp-content\/uploads\/2023\/09\/noticia-1.jpg\" class=\"pt-cv-thumbnail\" alt=\"\" srcset=\"https:\/\/robertohenriquez.com\/wp-content\/uploads\/2023\/09\/noticia-1.jpg 1111w, https:\/\/robertohenriquez.com\/wp-content\/uploads\/2023\/09\/noticia-1-300x198.jpg 300w, https:\/\/robertohenriquez.com\/wp-content\/uploads\/2023\/09\/noticia-1-1024x675.jpg 1024w, https:\/\/robertohenriquez.com\/wp-content\/uploads\/2023\/09\/noticia-1-768x506.jpg 768w, https:\/\/robertohenriquez.com\/wp-content\/uploads\/2023\/09\/noticia-1-450x296.jpg 450w, https:\/\/robertohenriquez.com\/wp-content\/uploads\/2023\/09\/noticia-1-750x494.jpg 750w\" sizes=\"(max-width: 1111px) 100vw, 1111px\" \/><\/a>\n<h4 class=\"pt-cv-title\"><a href=\"https:\/\/robertohenriquez.com\/en\/blog\/2023\/09\/28\/a-wine-that-carries-resilience-at-its-roots\/\" class=\"_self\" target=\"_self\" >Viticolewine<\/a><\/h4>\n<div class=\"pt-cv-content\">As Viticole has grown and evolved into the team it is today, some realities have taken our breath away. We ...<br \/><div class=\"pt-cv-rmwrap\"><a href=\"https:\/\/robertohenriquez.com\/en\/blog\/2023\/09\/28\/a-wine-that-carries-resilience-at-its-roots\/\" class=\"_self pt-cv-readmore btn btn-success\" target=\"_self\">Leer M\u00e1s<\/a><\/div><\/div><\/div><\/div><\/div><\/div><\/div>\n<\/div>\n<\/div>\n\n\n\n<div style=\"height:200px\" aria-hidden=\"true\" class=\"wp-block-spacer\"><\/div>","protected":false},"excerpt":{"rendered":"<p>News<\/p>","protected":false},"author":1,"featured_media":0,"parent":0,"menu_order":0,"comment_status":"closed","ping_status":"closed","template":"","meta":{"inline_featured_image":false,"neve_meta_sidebar":"","neve_meta_container":"","neve_meta_enable_content_width":"","neve_meta_content_width":0,"neve_meta_title_alignment":"","neve_meta_author_avatar":"","neve_post_elements_order":"","neve_meta_disable_header":"","neve_meta_disable_footer":"","neve_meta_disable_title":"","_themeisle_gutenberg_block_has_review":false,"footnotes":"","_joinchat":[]},"_links":{"self":[{"href":"https:\/\/robertohenriquez.com\/en\/wp-json\/wp\/v2\/pages\/1645"}],"collection":[{"href":"https:\/\/robertohenriquez.com\/en\/wp-json\/wp\/v2\/pages"}],"about":[{"href":"https:\/\/robertohenriquez.com\/en\/wp-json\/wp\/v2\/types\/page"}],"author":[{"embeddable":true,"href":"https:\/\/robertohenriquez.com\/en\/wp-json\/wp\/v2\/users\/1"}],"replies":[{"embeddable":true,"href":"https:\/\/robertohenriquez.com\/en\/wp-json\/wp\/v2\/comments?post=1645"}],"version-history":[{"count":18,"href":"https:\/\/robertohenriquez.com\/en\/wp-json\/wp\/v2\/pages\/1645\/revisions"}],"predecessor-version":[{"id":3176,"href":"https:\/\/robertohenriquez.com\/en\/wp-json\/wp\/v2\/pages\/1645\/revisions\/3176"}],"wp:attachment":[{"href":"https:\/\/robertohenriquez.com\/en\/wp-json\/wp\/v2\/media?parent=1645"}],"curies":[{"name":"wp","href":"https:\/\/api.w.org\/{rel}","templated":true}]}}